 {"id":4452,"date":"2021-11-30T09:13:06","date_gmt":"2021-11-30T09:13:06","guid":{"rendered":"https:\/\/securityaccent.com\/privileged-iam_read-more\/"},"modified":"2026-02-04T11:39:47","modified_gmt":"2026-02-04T10:39:47","slug":"privileged-iam_read-more","status":"publish","type":"page","link":"https:\/\/securityaccent.com\/fr\/privileged-iam_read-more\/","title":{"rendered":"Privileged IAM_Read more"},"content":{"rendered":"<p>[vc_row disable_element=\u00a0\u00bbyes\u00a0\u00bb][vc_column][vc_column_text el_class=\u00a0\u00bbsecurity-breadcrumb\u00a0\u00bb]<a href=\"#\">Privileged IAM<\/a><strong> &gt; <a href=\"#\">Business outcomes<\/a><\/strong>[\/vc_column_text][\/vc_column][\/vc_row][vc_row equal_height=\u00a0\u00bbyes\u00a0\u00bb content_placement=\u00a0\u00bbmiddle\u00a0\u00bb el_class=\u00a0\u00bbimg-page-interne\u00a0\u00bb][vc_column width=\u00a0\u00bb1\/2&Prime;][vc_column_text el_class=\u00a0\u00bbbefore-title-col-security\u00a0\u00bb]Business outcomes[\/vc_column_text][vc_column_text el_class=\u00a0\u00bbtitle-col-security\u00a0\u00bb]Prot\u00e9gez votre organisation contre les violations d\u00e9tect\u00e9es[\/vc_column_text][vc_column_text el_class=\u00a0\u00bbhtml-col-security\u00a0\u00bb]Dans un monde o\u00f9 les identifiants \u00e0 privil\u00e8ges sont vol\u00e9s dans environ 80 % des violations de s\u00e9curit\u00e9, d\u00e9ployer une solution de Privileged Access Management (PAM) est l\u2019une des \u00e9tapes cl\u00e9s pour s\u00e9curiser vos actifs.<br \/>\nLes comptes \u00e0 privil\u00e8ges offrent des droits uniques \u00e0 certains employ\u00e9s, leur permettant de r\u00e9aliser des op\u00e9rations critiques, comme acc\u00e9der \u00e0 des informations confidentielles de l\u2019entreprise, modifier des mots de passe utilisateurs ou intervenir sur l\u2019infrastructure informatique. Cependant, si ces comptes sont compromis, l\u2019organisation court un risque majeur.<\/p>\n<p>Gr\u00e2ce \u00e0 une solution PAM, les entreprises peuvent s\u2019assurer que seuls les utilisateurs n\u00e9cessitant un acc\u00e8s privil\u00e9gi\u00e9 l\u2019obtiennent, tout en prot\u00e9geant leurs syst\u00e8mes critiques contre les cyberattaques destructrices.[\/vc_column_text][\/vc_column][vc_column width=\u00a0\u00bb1\/2&Prime;][vc_single_image image=\u00a0\u00bb2566&Prime; img_size=\u00a0\u00bbfull\u00a0\u00bb alignment=\u00a0\u00bbcenter\u00a0\u00bb][\/vc_column][\/vc_row][vc_row el_class=\u00a0\u00bbwrap-all-section-services-at-glance\u00a0\u00bb][vc_column][vc_column_text el_class=\u00a0\u00bbtitle-section\u00a0\u00bb]<\/p>\n<h2>3 raisons cl\u00e9s d\u2019adopter le PAM<\/h2>\n<p>[\/vc_column_text]        <div class=\"wrap-section-services-at-glance\">\n            <div class=\"wrap-security-full-with\">\n                <div class=\"security-full-with\">\n\n                <\/div>\n            <\/div>\n            <div class=\"security-full-withservices-at-glance-mobile\">\n\n\n                <div class=\"slider-services-at-glance\">\n\n                        <div class=\"wrap-card-item-services-at-glance-security\">\n\n        <div class=\"card-item-services-at-glance-security \">\n            <div class=\"shadow-part-item-services-at-glance-security\"><\/div>\n            <div class=\"wrap-img-item-services-at-glance-security\">\n                <img decoding=\"async\" class=\"img-item-services-at-glance-security\" src=\"https:\/\/securityaccent.com\/wp-content\/uploads\/2021\/12\/3-3.svg\"\/>\n            <\/div>\n            <div class=\"title-item-services-at-glance-security\">\n\n                Contr\u00f4lez l\u2019acc\u00e8s aux comptes \u00e0 privil\u00e8ges avec le PAM            <\/div>\n            <div class=\"content-item-services-at-glance-security\">\n                Aujourd\u2019hui, de nombreuses entreprises, qu\u2019elles soient sur site, dans le cloud ou hybrides, n\u2019ont pas une vision compl\u00e8te de leurs comptes \u00e0 privil\u00e8ges. Certaines utilisent encore des tableurs pour g\u00e9rer les mots de passe de ces comptes, ce qui est inefficace et augmente les risques.\r\nUne solution PAM permet aux organisations de suivre et contr\u00f4ler les acc\u00e8s privil\u00e9gi\u00e9s depuis un emplacement unique, en attribuant et en retirant automatiquement les droits des utilisateurs lorsque leurs fonctions changent ou lorsqu\u2019ils quittent l\u2019entreprise.            <\/div>\n        <\/div>\n    <\/div>\n        <div class=\"wrap-card-item-services-at-glance-security\">\n\n        <div class=\"card-item-services-at-glance-security \">\n            <div class=\"shadow-part-item-services-at-glance-security\"><\/div>\n            <div class=\"wrap-img-item-services-at-glance-security\">\n                <img decoding=\"async\" class=\"img-item-services-at-glance-security\" src=\"https:\/\/securityaccent.com\/wp-content\/uploads\/2021\/12\/2-3.svg\"\/>\n            <\/div>\n            <div class=\"title-item-services-at-glance-security\">\n\n                Limiter le partage des comptes administrateurs            <\/div>\n            <div class=\"content-item-services-at-glance-security\">\n                De nombreux comptes administrateurs sont partag\u00e9s entre plusieurs personnes au sein d\u2019une organisation, et il arrive souvent que le m\u00eame mot de passe soit utilis\u00e9 sur plusieurs syst\u00e8mes pour plus de commodit\u00e9.Une solution PAM aide les entreprises \u00e0 se prot\u00e9ger contre ces risques en garantissant que chaque employ\u00e9 dispose de ses propres identifiants.Le PAM peut \u00eatre configur\u00e9 avec l\u2019authentification Single Sign-On (SSO) pour masquer les mots de passe aux utilisateurs.            <\/div>\n        <\/div>\n    <\/div>\n        <div class=\"wrap-card-item-services-at-glance-security\">\n\n        <div class=\"card-item-services-at-glance-security \">\n            <div class=\"shadow-part-item-services-at-glance-security\"><\/div>\n            <div class=\"wrap-img-item-services-at-glance-security\">\n                <img decoding=\"async\" class=\"img-item-services-at-glance-security\" src=\"https:\/\/securityaccent.com\/wp-content\/uploads\/2021\/12\/1-3.svg\"\/>\n            <\/div>\n            <div class=\"title-item-services-at-glance-security\">\n\n                Pr\u00e9venir les attaques sur les comptes \u00e0 privil\u00e8ges            <\/div>\n            <div class=\"content-item-services-at-glance-security\">\n                Pour prot\u00e9ger les identifiants des comptes \u00e0 privil\u00e8ges contre le vol ou l\u2019exploitation, les entreprises peuvent les stocker dans un r\u00e9pertoire s\u00e9curis\u00e9 et isol\u00e9. \u00c9tant donn\u00e9 qu\u2019ils donnent acc\u00e8s aux donn\u00e9es les plus sensibles de l\u2019organisation, ces identifiants sont des cibles privil\u00e9gi\u00e9es pour les hackers.\r\nLes administrateurs peuvent utiliser une PAM pour limiter dans le temps l\u2019acc\u00e8s des utilisateurs, appliquer d\u2019autres restrictions d\u2019acc\u00e8s, et r\u00e9voquer automatiquement les privil\u00e8ges d\u00e8s qu\u2019un employ\u00e9 change de r\u00f4le ou quitte l\u2019entreprise.            <\/div>\n        <\/div>\n    <\/div>\n                    <\/div>\n            <\/div>\n        <\/div>\n    [\/vc_column][\/vc_row][vc_row el_class=\u00a0\u00bbread-more-section-html-2&Prime;][vc_column width=\u00a0\u00bb1\/2&Prime;][vc_column_text el_class=\u00a0\u00bbhtml-col-security\u00a0\u00bb]Cependant, il existe de nombreuses raisons pour lesquelles vous devriez utiliser une solution PAM dans votre strat\u00e9gie de gestion des identit\u00e9s et des acc\u00e8s :<\/p>\n<ul>\n<li><strong>D\u00e9ploiement rapide<\/strong><\/li>\n<\/ul>\n<p>Les solutions PAM modernes n\u00e9cessitent seulement des modifications mineures de l\u2019environnement et des op\u00e9rations existantes de l\u2019entreprise. Gr\u00e2ce \u00e0 la disponibilit\u00e9 croissante des solutions PAM SaaS, les organisations n\u2019ont plus \u00e0 se soucier du d\u00e9ploiement logiciel, ce qui permet de gagner du temps. La plupart des syst\u00e8mes PAM s\u2019int\u00e8grent facilement aux syst\u00e8mes et applications existants, permettant une mise en \u0153uvre rapide et des b\u00e9n\u00e9fices imm\u00e9diats sans que les utilisateurs aient \u00e0 changer leurs habitudes de travail.<\/p>\n<ul>\n<li><strong>Gestion centralis\u00e9e des acc\u00e8s<\/strong><\/li>\n<\/ul>\n<p>Une solution PAM permet de contr\u00f4ler tous les comptes \u00e0 privil\u00e8ges depuis un emplacement unique. Les entreprises peuvent ainsi surveiller facilement quels utilisateurs et groupes ont acc\u00e8s \u00e0 quels syst\u00e8mes et donn\u00e9es, tout en gardant le contr\u00f4le sur les droits sp\u00e9cifiques attribu\u00e9s \u00e0 chacun. L\u2019administration est simplifi\u00e9e, ce qui facilite l\u2019octroi et la r\u00e9vocation des acc\u00e8s en fonction des besoins.<\/p>\n<ul>\n<li><strong>Int\u00e9gration avec les syst\u00e8mes IAM<\/strong><\/li>\n<\/ul>\n<p>Les entreprises b\u00e9n\u00e9ficient de l\u2019automatisation de la cr\u00e9ation et suppression des comptes, ainsi que de rapports et audits acc\u00e9l\u00e9r\u00e9s sur tous les comptes utilisateurs. Cela simplifie la protection des identit\u00e9s. Les solutions PAM peuvent \u00eatre int\u00e9gr\u00e9es \u00e0 un syst\u00e8me IAM global, garantissant une gestion coh\u00e9rente des identit\u00e9s et des acc\u00e8s.<\/p>\n<ul>\n<li><strong>Surveillance en temps r\u00e9el et alertes sur les comportements \u00e0 risque<br \/>\n<\/strong><\/li>\n<\/ul>\n<p>De nombreux comptes administrateurs sont partag\u00e9s entre plusieurs employ\u00e9s et utilisent souvent le m\u00eame mot de passe sur plusieurs plateformes pour plus de commodit\u00e9. En imposant \u00e0 chaque utilisateur des identifiants uniques, le PAM aide les organisations \u00e0 \u00e9viter ces risques. Les administrateurs peuvent \u00e9galement utiliser le PAM avec l\u2019authentification Single Sign-On (SSO) afin de masquer les mots de passe aux utilisateurs.<\/p>\n<ul>\n<li><strong>Respect des normes et conformit\u00e9 IT<\/strong><\/li>\n<\/ul>\n<p>De nombreux secteurs doivent appliquer \u00ab\u00a0des politiques d\u2019acc\u00e8s au moindre privil\u00e8ge\u00a0\u00bb, limitant les droits au strict n\u00e9cessaire pour r\u00e9aliser les t\u00e2ches autoris\u00e9es. Avec le PAM, les administrateurs peuvent surveiller et enregistrer automatiquement toutes les activit\u00e9s privil\u00e9gi\u00e9es, les archiver et g\u00e9n\u00e9rer des processus conformes aux audits, simplifiant ainsi la conformit\u00e9 r\u00e9glementaire.[\/vc_column_text][\/vc_column][vc_column width=\u00a0\u00bb1\/2&Prime;][vc_single_image image=\u00a0\u00bb2574&Prime; img_size=\u00a0\u00bbfull\u00a0\u00bb alignment=\u00a0\u00bbcenter\u00a0\u00bb el_class=\u00a0\u00bbimg-page-interne\u00a0\u00bb][\/vc_column][\/vc_row][vc_row][vc_column][vc_separator][\/vc_column][\/vc_row][vc_row disable_element=\u00a0\u00bbyes\u00a0\u00bb][vc_column][vc_column_text el_class=\u00a0\u00bbbefore-title-section\u00a0\u00bb]<\/p>\n<h3>our blog<\/h3>\n<p>[\/vc_column_text][vc_column_text el_class=\u00a0\u00bbtitle-section\u00a0\u00bb]<\/p>\n<h2>Explore our products for your business solution<\/h2>\n<p>[\/vc_column_text]        <div class=\"full-width-blog-slider\">\n\n\n        <div class=\"blog-slider\">\n\n                     <a href=\"https:\/\/securityaccent.com\/fr\/iam-best-practs\/\">\n         <div class=\"card-item-blog\" >\n              <div class=\"image-card-item-blog\" style=\"background-image: url(https:\/\/securityaccent.com\/wp-content\/uploads\/2022\/01\/2.svg)\">\n              <\/div>\n             <div class=\"card-item-blog-content\">\n                 <div class=\"title-blog-item\">\n                      <h4>IAM Best practs<\/h4>\n                 <\/div>\n                 <div class=\"author-blog-item\">\n                     James Carter                 <\/div>\n                 <div class=\"date-blog-item\">\n                     21\/02\/2022                 <\/div>\n             <\/div>\n         <\/div>\n         <\/a>\n            <\/div>\n        <\/div>\n    [\/vc_column][\/vc_row][vc_row el_class=\u00a0\u00bbslider-partner-section\u00a0\u00bb][vc_column][vc_column_text el_class=\u00a0\u00bbtitle-section\u00a0\u00bb]<\/p>\n<h2>Nos partenaires de solutions<\/h2>\n<p>[\/vc_column_text]        <div class=\" partner-slider\">\n                            <div class=\"\">\n                    <img decoding=\"async\" src=\"https:\/\/securityaccent.com\/wp-content\/uploads\/2026\/02\/ssh-logo-black-new-3-1.png\" alt=\"\">\n                <\/div>\n                                 <div class=\"\">\n                    <img decoding=\"async\" src=\"https:\/\/securityaccent.com\/wp-content\/uploads\/2026\/02\/Logo-1.webp\" alt=\"\">\n                <\/div>\n                                 <div class=\"\">\n                    <img decoding=\"async\" src=\"https:\/\/securityaccent.com\/wp-content\/uploads\/2026\/02\/Veza_Lockup_Blue-scaled.png\" alt=\"\">\n                <\/div>\n                                 <div class=\"\">\n                    <img decoding=\"async\" src=\"https:\/\/securityaccent.com\/wp-content\/uploads\/2026\/02\/logo-saviynt-dark-1.png\" alt=\"\">\n                <\/div>\n                                 <div class=\"\">\n                    <img decoding=\"async\" src=\"https:\/\/securityaccent.com\/wp-content\/uploads\/2025\/04\/wso2-3.png\" alt=\"\">\n                <\/div>\n                                 <div class=\"\">\n                    <img decoding=\"async\" src=\"https:\/\/securityaccent.com\/wp-content\/uploads\/2025\/04\/NEXIS-Logo_colors.png\" alt=\"\">\n                <\/div>\n                                 <div class=\"\">\n                    <img decoding=\"async\" src=\"https:\/\/securityaccent.com\/wp-content\/uploads\/2026\/02\/oneidentity-logo-v2.png\" alt=\"\">\n                <\/div>\n                                 <div class=\"\">\n                    <img decoding=\"async\" src=\"https:\/\/securityaccent.com\/wp-content\/uploads\/2025\/04\/keycloak-1.png\" alt=\"\">\n                <\/div>\n                         <\/div>\n    [\/vc_column][\/vc_row]<\/p>\n","protected":false},"excerpt":{"rendered":"<p>[vc_row disable_element=\u00a0\u00bbyes\u00a0\u00bb][vc_column][vc_column_text el_class=\u00a0\u00bbsecurity-breadcrumb\u00a0\u00bb]Privileged IAM &gt; Business outcomes[\/vc_column_text][\/vc_column][\/vc_row][vc_row equal_height=\u00a0\u00bbyes\u00a0\u00bb content_placement=\u00a0\u00bbmiddle\u00a0\u00bb el_class=\u00a0\u00bbimg-page-interne\u00a0\u00bb][vc_column width=\u00a0\u00bb1\/2&Prime;][vc_column_text el_class=\u00a0\u00bbbefore-title-col-security\u00a0\u00bb]Business outcomes[\/vc_column_text][vc_column_text el_class=\u00a0\u00bbtitle-col-security\u00a0\u00bb]Prot\u00e9gez votre organisation contre les violations d\u00e9tect\u00e9es[\/vc_column_text][vc_column_text el_class=\u00a0\u00bbhtml-col-security\u00a0\u00bb]Dans un monde o\u00f9 les identifiants \u00e0 privil\u00e8ges sont vol\u00e9s dans environ 80 % des violations de s\u00e9curit\u00e9, d\u00e9ployer une solution de Privileged Access Management (PAM) est l\u2019une des \u00e9tapes cl\u00e9s pour s\u00e9curiser vos actifs. [&hellip;]<\/p>\n","protected":false},"author":6,"featured_media":0,"parent":0,"menu_order":0,"comment_status":"closed","ping_status":"closed","template":"page-security-full-with-background-triangle.php","meta":{"_acf_changed":false,"_themeisle_gutenberg_block_has_review":false,"footnotes":""},"class_list":["post-4452","page","type-page","status-publish","hentry"],"acf":[],"_links":{"self":[{"href":"https:\/\/securityaccent.com\/fr\/wp-json\/wp\/v2\/pages\/4452","targetHints":{"allow":["GET"]}}],"collection":[{"href":"https:\/\/securityaccent.com\/fr\/wp-json\/wp\/v2\/pages"}],"about":[{"href":"https:\/\/securityaccent.com\/fr\/wp-json\/wp\/v2\/types\/page"}],"author":[{"embeddable":true,"href":"https:\/\/securityaccent.com\/fr\/wp-json\/wp\/v2\/users\/6"}],"replies":[{"embeddable":true,"href":"https:\/\/securityaccent.com\/fr\/wp-json\/wp\/v2\/comments?post=4452"}],"version-history":[{"count":2,"href":"https:\/\/securityaccent.com\/fr\/wp-json\/wp\/v2\/pages\/4452\/revisions"}],"predecessor-version":[{"id":4455,"href":"https:\/\/securityaccent.com\/fr\/wp-json\/wp\/v2\/pages\/4452\/revisions\/4455"}],"wp:attachment":[{"href":"https:\/\/securityaccent.com\/fr\/wp-json\/wp\/v2\/media?parent=4452"}],"curies":[{"name":"wp","href":"https:\/\/api.w.org\/{rel}","templated":true}]}}