 {"id":4449,"date":"2021-11-02T08:33:55","date_gmt":"2021-11-02T08:33:55","guid":{"rendered":"https:\/\/securityaccent.com\/privileged-iam\/"},"modified":"2026-02-04T09:17:21","modified_gmt":"2026-02-04T08:17:21","slug":"privileged-iam","status":"publish","type":"page","link":"https:\/\/securityaccent.com\/fr\/privileged-iam\/","title":{"rendered":"Privileged IAM"},"content":{"rendered":"<p>[vc_row disable_element=\u00a0\u00bbyes\u00a0\u00bb][vc_column][vc_column_text el_class=\u00a0\u00bbsecurity-breadcrumb\u00a0\u00bb]<strong><a href=\"#\">Privileged IAM<\/a><\/strong>[\/vc_column_text][\/vc_column][\/vc_row][vc_row equal_height=\u00a0\u00bbyes\u00a0\u00bb content_placement=\u00a0\u00bbmiddle\u00a0\u00bb][vc_column width=\u00a0\u00bb1\/2&Prime;][vc_column_text el_class=\u00a0\u00bbbefore-title-col-security\u00a0\u00bb]Privileged IAM[\/vc_column_text][vc_column_text el_class=\u00a0\u00bbtitle-col-security\u00a0\u00bb]What Is Privileged Access<br \/>\nManagement?[\/vc_column_text][vc_column_text el_class=\u00a0\u00bbhtml-col-security\u00a0\u00bb]Privileged access management (PAM) refers to technologies and practices that allow businesses to better regulate and monitor who has privileged access to a computer or information system. It&rsquo;s a branch of the Identity and Access Management area (IAM).<\/p>\n<p>Privileged access management typically includes definition of roles for users and granting required privileges, or access rights, for those roles. It also entails disseminating user information and access grants to all devices and systems in the organization that enforce access permissions. Furthermore, it usually includes monitoring\u00a0what\u00a0privileged\u00a0users\u00a0do\u00a0and\u00a0assessing\u00a0their\u00a0activity\u00a0for\u00a0irregularities.[\/vc_column_text][\/vc_column][vc_column width=\u00a0\u00bb1\/2&Prime;][vc_single_image image=\u00a0\u00bb2569&Prime; img_size=\u00a0\u00bbfull\u00a0\u00bb alignment=\u00a0\u00bbcenter\u00a0\u00bb el_class=\u00a0\u00bbimg-page-interne\u00a0\u00bb][\/vc_column][\/vc_row][vc_row content_placement=\u00a0\u00bbmiddle\u00a0\u00bb disable_element=\u00a0\u00bbyes\u00a0\u00bb el_class=\u00a0\u00bbnav-stiky-menu-security\u00a0\u00bb][vc_column][vc_column_text]<\/p>\n<div class=\"wrap-stiky-menu-security\">\n<div class=\"stiky-menu-security\">\n<div class=\"stiky-menu-security-left \">\n<div>Identity Gouvernance<\/div>\n<\/div>\n<div class=\"stiky-menu-security-right \">\n<div class=\"\">Business Outcome<\/div>\n<div class=\"\">Services<\/div>\n<div class=\"\">Products &amp; Solutions<\/div>\n<\/div>\n<\/div>\n<div class=\"background-stiky-menu-security\">\n<div class=\"security-full-with-backgound\"><\/div>\n<\/div>\n<\/div>\n<p>[\/vc_column_text][\/vc_column][\/vc_row][vc_row el_class=\u00a0\u00bbnav-stiky-menu-security\u00a0\u00bb][vc_column]    <div class=\"wrap-stiky-menu-security\">\r\n        <div class=\"stiky-menu-security\">\r\n\r\n            <nav class=\"navbar navbar-expand-lg \">\r\n                <div class=\"container-fluid\">\r\n                    <a class=\"navbar-brand\" href=\"#\">\r\n                        <img decoding=\"async\" src=\"https:\/\/securityaccent.com\/wp-content\/plugins\/js_digit_u\/template-part\/security-project\/..\/..\/assets\/img\/top-icone.svg\">\r\n                        Privileged IAM                    <\/a>\r\n                    <button class=\"navbar-toggler\" type=\"button\" data-bs-toggle=\"collapse\" data-bs-target=\"#navbarTogglerDemo01\" aria-controls=\"navbarTogglerDemo01\" aria-expanded=\"false\" aria-label=\"Toggle navigation\">\r\n                        <h5 style=\"text-align: right;\">Jump to<i class=\"fas fa-chevron-circle-down\"><\/i><\/h5>\r\n                    <\/button>\r\n                    <div class=\"collapse navbar-collapse\" id=\"navbarTogglerDemo01\">\r\n                        <ul class=\"navbar-nav  mb-2 mb-lg-0\">\r\n                            <li class=\"nav-item\">\r\n                                <a class=\"nav-link active\" aria-current=\"page\" href=\"#business-outcome\" >\r\n                                    Business Outcome                                <\/a>\r\n                            <\/li>\r\n                            <li class=\"nav-item\">\r\n                                <a class=\"nav-link active\" aria-current=\"page\" href=\"#Services\" >\r\n                                    Services                                <\/a>\r\n                            <\/li>\r\n                            <li class=\"nav-item\">\r\n                                <a class=\"nav-link active\" aria-current=\"page\" href=\"#products-solutions\" >\r\n                                    Products & Solutions                                <\/a>\r\n                            <\/li>\r\n                        <\/ul>\r\n                    <\/div>\r\n                <\/div>\r\n            <\/nav>\r\n        <\/div>\r\n        <div class=\"background-stiky-menu-security\">\r\n            <div class=\"security-full-with-backgound\">\r\n\r\n            <\/div>\r\n        <\/div>\r\n\r\n\r\n    <\/div>\r\n    [\/vc_column][\/vc_row][vc_row el_id=\u00a0\u00bbbusiness-outcome\u00a0\u00bb el_class=\u00a0\u00bbsection-under-stiky-menu\u00a0\u00bb][vc_column width=\u00a0\u00bb1\/2&Prime;][vc_single_image image=\u00a0\u00bb2566&Prime; img_size=\u00a0\u00bbfull\u00a0\u00bb el_class=\u00a0\u00bbimg-page-interne\u00a0\u00bb][\/vc_column][vc_column width=\u00a0\u00bb1\/2&Prime;][vc_column_text el_class=\u00a0\u00bbbefore-title-col-security\u00a0\u00bb]Priviliged IAM[\/vc_column_text][vc_column_text el_class=\u00a0\u00bbtitle-col-security\u00a0\u00bb]<\/p>\n<h2>Prot\u00e9gez votre organisation contre les violations d\u00e9tect\u00e9es<\/h2>\n<p>[\/vc_column_text][vc_column_text el_class=\u00a0\u00bbhtml-col-security\u00a0\u00bb]Dans un monde o\u00f9 les identifiants \u00e0 privil\u00e8ges sont vol\u00e9s dans environ 80 % des violations de s\u00e9curit\u00e9, d\u00e9ployer une solution de Privileged Access Management (PAM) est l\u2019une des \u00e9tapes cl\u00e9s pour s\u00e9curiser vos actifs.<br \/>\nLes comptes \u00e0 privil\u00e8ges offrent des droits uniques \u00e0 certains employ\u00e9s, leur permettant de r\u00e9aliser des op\u00e9rations critiques, comme acc\u00e9der \u00e0 des informations confidentielles de l\u2019entreprise, modifier des mots de passe utilisateurs ou intervenir sur l\u2019infrastructure informatique. Cependant, si ces comptes sont compromis, l\u2019organisation court un risque majeur.[\/vc_column_text][vc_btn title=\u00a0\u00bbEn savoir plus\u00a0\u00bb link=\u00a0\u00bburl:https%3A%2F%2Fsecurityaccent.com%2Fprivileged-iam_read-more%2F\u00a0\u00bb el_class=\u00a0\u00bbbtn-securyty-ED7526-radius\u00a0\u00bb][\/vc_column][\/vc_row][vc_row full_width=\u00a0\u00bbstretch_row\u00a0\u00bb el_class=\u00a0\u00bbtour-component-security\u00a0\u00bb el_id=\u00a0\u00bbServices\u00a0\u00bb][vc_column][vc_row_inner][vc_column_inner][vc_column_text el_class=\u00a0\u00bbbefore-title-col-security\u00a0\u00bb]Privileged IAM[\/vc_column_text][\/vc_column_inner][\/vc_row_inner][vc_column_text el_class=\u00a0\u00bbtitle-col-security\u00a0\u00bb]<\/p>\n<h2>Services<\/h2>\n<p>[\/vc_column_text][vc_tta_tour color=\u00a0\u00bbwhite\u00a0\u00bb active_section=\u00a0\u00bb1&Prime;][vc_tta_section title=\u00a0\u00bbAutomatic Detection\u00a0\u00bb tab_id=\u00a0\u00bb1636618305844-b9d92552-8975&Prime;][vc_row_inner][vc_column_inner width=\u00a0\u00bb1\/2&Prime;][vc_column_text]Organizations can automatically provision\/deprovision privileged user and admin accounts and then control and secure the process of granting privileged credentials with role-based access management and automated workflows: PAM solutions start by recognizing all un-required accounts and stripping down the privileges of necessary accounts to the bare minimum. Permissions are then incrementally added. After this, privileged accounts are isolated from standard accounts to reduce the risk of credentials getting stolen.<\/p>\n<p>All temporary privileged account access should be implemented following the principle of Least Privilege which is one of the best ways to prevent unauthorized use of privileged accounts. The idea is to narrow pathways and, therefore, reduce exploitation risks. That means limiting privileges for people, processes, applications, and choosing a granular delegation approach, providing appropriate access to the right administrators so they can do their job.[\/vc_column_text][\/vc_column_inner][vc_column_inner width=\u00a0\u00bb1\/2&Prime;][vc_single_image image=\u00a0\u00bb2387&Prime; img_size=\u00a0\u00bbfull\u00a0\u00bb alignment=\u00a0\u00bbcenter\u00a0\u00bb][\/vc_column_inner][\/vc_row_inner][\/vc_tta_section][vc_tta_section title=\u00a0\u00bbShared Account Management\u00a0\u00bb tab_id=\u00a0\u00bb1636618214592-47b3a0b1-4d93&Prime;][vc_row_inner][vc_column_inner width=\u00a0\u00bb1\/2&Prime;][vc_column_text]Best practice demands that organizations switch to single identity privileged accounts, but shared privileged accounts still exist in many organizations. They are used for platforms and network tools like servers and databases as well as applications and email addresses. Often the particular resource leaves no option but to use one shared credential. When companies create passwords for shared accounts, they are opening themselves up to serious risk especially if they are not monitored. Organizations should discover and control all privileged accounts and ensure that they are granted to the right people. Access to shared accounts should be monitored by a PAM solution and strictly controlled ideally with alerts set up for unauthorized usage of shared accounts.[\/vc_column_text][\/vc_column_inner][vc_column_inner width=\u00a0\u00bb1\/2&Prime;][vc_single_image image=\u00a0\u00bb2391&Prime; img_size=\u00a0\u00bbfull\u00a0\u00bb alignment=\u00a0\u00bbcenter\u00a0\u00bb][\/vc_column_inner][\/vc_row_inner][\/vc_tta_section][vc_tta_section title=\u00a0\u00bbPrivileged Session Monitoring\u00a0\u00bb tab_id=\u00a0\u00bb1636618214607-a241685f-c15c\u00a0\u00bb][vc_row_inner][vc_column_inner width=\u00a0\u00bb1\/2&Prime;][vc_column_text]Control, monitor, and record users\u2019 sessions with valuable information, allowing them to verify access levels and remotely end sessions if necessary. The system should also record all privileged sessions and make them searchable, so IT administrators can review them later.[\/vc_column_text][\/vc_column_inner][vc_column_inner width=\u00a0\u00bb1\/2&Prime;][vc_single_image image=\u00a0\u00bb2394&Prime; img_size=\u00a0\u00bbfull\u00a0\u00bb alignment=\u00a0\u00bbcenter\u00a0\u00bb][\/vc_column_inner][\/vc_row_inner][\/vc_tta_section][vc_tta_section title=\u00a0\u00bbPassword Vault\u00a0\u00bb tab_id=\u00a0\u00bb1636618366372-2e2eee3c-433c\u00a0\u00bb][vc_row_inner][vc_column_inner width=\u00a0\u00bb1\/2&Prime;][vc_column_text]This feature eliminates the need to store credentials in clear text in the application. Instead, the application can query the PAM tool for the credentials using REST API to access the vault programmatically and to check out the passwords. \u00a0The vault injects passwords directly into applications \u2014 so that passwords are never exposed \u2014 and rotates them according to your policies. Once the application terminates, the memory is deallocated, and passwords are gone leaving nothing for a malicious\u00a0actor to find. In this way, the application credentials are secured, and access to them is secured, and you can achieve password rotation automatically by assigning strong and unique password without any manual intervention.[\/vc_column_text][\/vc_column_inner][vc_column_inner width=\u00a0\u00bb1\/2&Prime;][vc_single_image image=\u00a0\u00bb2397&Prime; img_size=\u00a0\u00bbfull\u00a0\u00bb alignment=\u00a0\u00bbcenter\u00a0\u00bb][\/vc_column_inner][\/vc_row_inner][\/vc_tta_section][vc_tta_section title=\u00a0\u00bbEndpoint Privilege Management\u00a0\u00bb tab_id=\u00a0\u00bb1640006117245-d098d803-6df4&Prime;][vc_row_inner][vc_column_inner width=\u00a0\u00bb1\/2&Prime;][vc_column_text]It refers to the practice of making organization\u2019s data more secure and protecting enterprise networks against threats originating from on-premises or remote such as mobile devices, desktops, laptops, and other endpoints. Endpoint privilege management solutions offer controlled and monitored privileged access via endpoints and include capabilities such as application whitelisting for endpoint protection.[\/vc_column_text][\/vc_column_inner][vc_column_inner width=\u00a0\u00bb1\/2&Prime;][vc_single_image image=\u00a0\u00bb2400&Prime; img_size=\u00a0\u00bbfull\u00a0\u00bb alignment=\u00a0\u00bbcenter\u00a0\u00bb][\/vc_column_inner][\/vc_row_inner][\/vc_tta_section][vc_tta_section title=\u00a0\u00bbPrivileged Single Sign-On\u00a0\u00bb tab_id=\u00a0\u00bb1640006169013-ea4b2e6e-416b\u00a0\u00bb][vc_row_inner][vc_column_inner width=\u00a0\u00bb1\/2&Prime;][vc_column_text]Single sign-on is a user authentication system that permits a user to apply one set of login credentials to access multiple applications. However, if privileged accounts are not subject to PAM rules, allowing single sign on poses a risk. To overcome this issue, PAM systems are increasingly offering integration with key SSO vendors.[\/vc_column_text][\/vc_column_inner][vc_column_inner width=\u00a0\u00bb1\/2&Prime;][vc_single_image image=\u00a0\u00bb2403&Prime; img_size=\u00a0\u00bbfull\u00a0\u00bb alignment=\u00a0\u00bbcenter\u00a0\u00bb][\/vc_column_inner][\/vc_row_inner][\/vc_tta_section][vc_tta_section title=\u00a0\u00bbReal-time Visibility and Alerting\u00a0\u00bb tab_id=\u00a0\u00bb1640006243719-e5250e81-098a\u00a0\u00bb][vc_row_inner][vc_column_inner width=\u00a0\u00bb1\/2&Prime;][vc_column_text]When a threat is recognized, immediate precautions should be taken. A good PAM system should allow you to set up warnings and deal with any account usage issues immediately.[\/vc_column_text][\/vc_column_inner][vc_column_inner width=\u00a0\u00bb1\/2&Prime;][vc_single_image image=\u00a0\u00bb2406&Prime; img_size=\u00a0\u00bbfull\u00a0\u00bb alignment=\u00a0\u00bbcenter\u00a0\u00bb][\/vc_column_inner][\/vc_row_inner][\/vc_tta_section][\/vc_tta_tour][\/vc_column][\/vc_row][vc_row full_width=\u00a0\u00bbstretch_row\u00a0\u00bb el_class=\u00a0\u00bbwrap-all-section-services-at-glance\u00a0\u00bb][vc_column][vc_column_text el_class=\u00a0\u00bbtitle-section\u00a0\u00bb]<\/p>\n<h2>Our services at a glance<\/h2>\n<p>[\/vc_column_text]        <div class=\"wrap-section-services-at-glance\">\n            <div class=\"wrap-security-full-with\">\n                <div class=\"security-full-with\">\n\n                <\/div>\n            <\/div>\n            <div class=\"security-full-withservices-at-glance-mobile\">\n\n\n                <div class=\"slider-services-at-glance\">\n\n                        <div class=\"wrap-card-item-services-at-glance-security\">\n\n        <div class=\"card-item-services-at-glance-security \">\n            <div class=\"shadow-part-item-services-at-glance-security\"><\/div>\n            <div class=\"wrap-img-item-services-at-glance-security\">\n                <img decoding=\"async\" class=\"img-item-services-at-glance-security\" src=\"https:\/\/securityaccent.com\/wp-content\/uploads\/2021\/12\/2-1.svg\"\/>\n            <\/div>\n            <div class=\"title-item-services-at-glance-security\">\n\n                Increasing Visibility of PAM Landscape            <\/div>\n            <div class=\"content-item-services-at-glance-security\">\n                We help you to ensure a full and ongoing visibility of your privileged account landscape crucial to combatting cybersecurity threats            <\/div>\n        <\/div>\n    <\/div>\n        <div class=\"wrap-card-item-services-at-glance-security\">\n\n        <div class=\"card-item-services-at-glance-security \">\n            <div class=\"shadow-part-item-services-at-glance-security\"><\/div>\n            <div class=\"wrap-img-item-services-at-glance-security\">\n                <img decoding=\"async\" class=\"img-item-services-at-glance-security\" src=\"https:\/\/securityaccent.com\/wp-content\/uploads\/2021\/12\/1-1.svg\"\/>\n            <\/div>\n            <div class=\"title-item-services-at-glance-security\">\n\n                Maintaining Data Integrity            <\/div>\n            <div class=\"content-item-services-at-glance-security\">\n                We help you to ensure that IT administrator employees will only use privileged accounts for their intended purposes            <\/div>\n        <\/div>\n    <\/div>\n        <div class=\"wrap-card-item-services-at-glance-security\">\n\n        <div class=\"card-item-services-at-glance-security \">\n            <div class=\"shadow-part-item-services-at-glance-security\"><\/div>\n            <div class=\"wrap-img-item-services-at-glance-security\">\n                <img decoding=\"async\" class=\"img-item-services-at-glance-security\" src=\"https:\/\/securityaccent.com\/wp-content\/uploads\/2021\/12\/2-1.svg\"\/>\n            <\/div>\n            <div class=\"title-item-services-at-glance-security\">\n\n                Proving Compliance with Simple Way            <\/div>\n            <div class=\"content-item-services-at-glance-security\">\n                We support you to Implement a comprehensive PAM solution that help you control access to systems and sensitive data, comply with policies and regulations, and ultimately make your company safer.            <\/div>\n        <\/div>\n    <\/div>\n                    <\/div>\n            <\/div>\n        <\/div>\n    [\/vc_column][\/vc_row][vc_row el_class=\u00a0\u00bbwrap-all-section-tools-slider\u00a0\u00bb el_id=\u00a0\u00bbproducts-solutions\u00a0\u00bb][vc_column][vc_column_text el_class=\u00a0\u00bbbefore-title-section\u00a0\u00bb]<\/p>\n<h3>Privileged IAM<\/h3>\n<p>[\/vc_column_text][vc_column_text el_class=\u00a0\u00bbtitle-section\u00a0\u00bb]<\/p>\n<h2>Products &amp; Solutions<\/h2>\n<p>[\/vc_column_text]    <script> window.tools_content = []; <\/script>\n    \n    <div class=\"security-full-width-tools-mobile\">\n\n\n        <div class=\"slider-tools\">\n                <div class=\"card-item-tool-security wallix-bastion\">\n        <div class=\"wrap-img-item-tool-security\">\n            <img decoding=\"async\" class=\"img-item-tool-security\" src=\"https:\/\/securityaccent.com\/wp-content\/uploads\/2021\/12\/wallix.svg\"\/>\n        <\/div>\n        <div class=\"content-item-tool-security\">\n            <div class=\"inner-content-item-tool-security\">\n                WALLIX\u00a0is a leading provider of\u00a0Privileged Access Management (PAM)\u00a0solutions. Their flagship product,\u00a0Bastion, serves as the foundation for their PAM solution.            <\/div>\n        <\/div>\n        <div class=\"continue-reading-item-tool-security\" data-tool-id=\"1286\">\n            <span>Continue reading <\/span>\n        <\/div>\n        <script type=\"text\/javascript\">\n            window.tools_content.push({\n                toolId: \"1286\",\n                img: \"https:\/\/securityaccent.com\/wp-content\/uploads\/2021\/12\/wallix.svg\",\n                content: \"&lt;strong&gt;WALLIX&lt;\/strong&gt;\u00a0is a leading provider of\u00a0&lt;strong&gt;Privileged Access Management (PAM)&lt;\/strong&gt;\u00a0solutions. Their flagship product,\u00a0&lt;strong&gt;Bastion&lt;\/strong&gt;, serves as the foundation for their PAM solution. WALLIX\u2019s PAM offering is known for its flexibility and simplicity. Recognized by KuppingerCole as an \u201cOverall Leader\u201d in the Analyst 2023 Leadership Compass for Privileged Access Management, WALLIX differentiates in this highly competitive market by ensuring compliance with IT security standards, safeguarding against cyber-attacks, data leaks, and theft related to privileged credentials and elevated privileges.\"\n            })\n        <\/script>\n        <script type=\"text\/javascript\">\n\n\n                jQuery(document).ready(function () {\n\n                    jQuery(document).on('click', '.navigation-for-wallix-bastion', function (e) {\n\t\t\t\n                        setTimeout(\n                            function()\n                            {\n\t\t\t\t\t\t\t\t\n                                jQuery('.wallix-bastion .continue-reading-item-tool-security' ).trigger('click');\n                            }, 500);\n\n\n                    });\n                });\n        <\/script>\n    <\/div>\n\n            <\/div>\n    <\/div>\n    \n    [\/vc_column][\/vc_row][vc_row][vc_column][vc_separator][\/vc_column][\/vc_row][vc_row disable_element=\u00a0\u00bbyes\u00a0\u00bb][vc_column][vc_column_text el_class=\u00a0\u00bbbefore-title-section\u00a0\u00bb]<\/p>\n<h3>our blog<\/h3>\n<p>[\/vc_column_text][vc_column_text el_class=\u00a0\u00bbtitle-section\u00a0\u00bb]<\/p>\n<h2>Explore our products for your business solution<\/h2>\n<p>[\/vc_column_text]        <div class=\"full-width-blog-slider\">\n\n\n        <div class=\"blog-slider\">\n\n                     <a href=\"https:\/\/securityaccent.com\/fr\/iam-best-practs\/\">\n         <div class=\"card-item-blog\" >\n              <div class=\"image-card-item-blog\" style=\"background-image: url(https:\/\/securityaccent.com\/wp-content\/uploads\/2022\/01\/2.svg)\">\n              <\/div>\n             <div class=\"card-item-blog-content\">\n                 <div class=\"title-blog-item\">\n                      <h4>IAM Best practs<\/h4>\n                 <\/div>\n                 <div class=\"author-blog-item\">\n                     James Carter                 <\/div>\n                 <div class=\"date-blog-item\">\n                     21\/02\/2022                 <\/div>\n             <\/div>\n         <\/div>\n         <\/a>\n            <\/div>\n        <\/div>\n    [\/vc_column][\/vc_row][vc_row el_class=\u00a0\u00bbslider-partner-section\u00a0\u00bb][vc_column][vc_column_text el_class=\u00a0\u00bbtitle-section\u00a0\u00bb]<\/p>\n<h2>Our Solutions Providers<\/h2>\n<p>[\/vc_column_text]        <div class=\" partner-slider\">\n                            <div class=\"\">\n                    <img decoding=\"async\" src=\"https:\/\/securityaccent.com\/wp-content\/uploads\/2026\/02\/ssh-logo-black-new-3-1.png\" alt=\"\">\n                <\/div>\n                                 <div class=\"\">\n                    <img decoding=\"async\" src=\"https:\/\/securityaccent.com\/wp-content\/uploads\/2026\/02\/Logo-1.webp\" alt=\"\">\n                <\/div>\n                                 <div class=\"\">\n                    <img decoding=\"async\" src=\"https:\/\/securityaccent.com\/wp-content\/uploads\/2026\/02\/Veza_Lockup_Blue-scaled.png\" alt=\"\">\n                <\/div>\n                                 <div class=\"\">\n                    <img decoding=\"async\" src=\"https:\/\/securityaccent.com\/wp-content\/uploads\/2026\/02\/logo-saviynt-dark-1.png\" alt=\"\">\n                <\/div>\n                                 <div class=\"\">\n                    <img decoding=\"async\" src=\"https:\/\/securityaccent.com\/wp-content\/uploads\/2025\/04\/wso2-3.png\" alt=\"\">\n                <\/div>\n                                 <div class=\"\">\n                    <img decoding=\"async\" src=\"https:\/\/securityaccent.com\/wp-content\/uploads\/2025\/04\/NEXIS-Logo_colors.png\" alt=\"\">\n                <\/div>\n                                 <div class=\"\">\n                    <img decoding=\"async\" src=\"https:\/\/securityaccent.com\/wp-content\/uploads\/2026\/02\/oneidentity-logo-v2.png\" alt=\"\">\n                <\/div>\n                                 <div class=\"\">\n                    <img decoding=\"async\" src=\"https:\/\/securityaccent.com\/wp-content\/uploads\/2025\/04\/keycloak-1.png\" alt=\"\">\n                <\/div>\n                         <\/div>\n    [\/vc_column][\/vc_row]<\/p>\n","protected":false},"excerpt":{"rendered":"<p>[vc_row disable_element=\u00a0\u00bbyes\u00a0\u00bb][vc_column][vc_column_text el_class=\u00a0\u00bbsecurity-breadcrumb\u00a0\u00bb]Privileged IAM[\/vc_column_text][\/vc_column][\/vc_row][vc_row equal_height=\u00a0\u00bbyes\u00a0\u00bb content_placement=\u00a0\u00bbmiddle\u00a0\u00bb][vc_column width=\u00a0\u00bb1\/2&Prime;][vc_column_text el_class=\u00a0\u00bbbefore-title-col-security\u00a0\u00bb]Privileged IAM[\/vc_column_text][vc_column_text el_class=\u00a0\u00bbtitle-col-security\u00a0\u00bb]What Is Privileged Access Management?[\/vc_column_text][vc_column_text el_class=\u00a0\u00bbhtml-col-security\u00a0\u00bb]Privileged access management (PAM) refers to technologies and practices that allow businesses to better regulate and monitor who has privileged access to a computer or information system. It&rsquo;s a branch of the Identity and Access Management area (IAM). Privileged access management [&hellip;]<\/p>\n","protected":false},"author":6,"featured_media":0,"parent":0,"menu_order":0,"comment_status":"closed","ping_status":"closed","template":"page-security-full-with-background-triangle.php","meta":{"_acf_changed":false,"_themeisle_gutenberg_block_has_review":false,"footnotes":""},"class_list":["post-4449","page","type-page","status-publish","hentry"],"acf":[],"_links":{"self":[{"href":"https:\/\/securityaccent.com\/fr\/wp-json\/wp\/v2\/pages\/4449","targetHints":{"allow":["GET"]}}],"collection":[{"href":"https:\/\/securityaccent.com\/fr\/wp-json\/wp\/v2\/pages"}],"about":[{"href":"https:\/\/securityaccent.com\/fr\/wp-json\/wp\/v2\/types\/page"}],"author":[{"embeddable":true,"href":"https:\/\/securityaccent.com\/fr\/wp-json\/wp\/v2\/users\/6"}],"replies":[{"embeddable":true,"href":"https:\/\/securityaccent.com\/fr\/wp-json\/wp\/v2\/comments?post=4449"}],"version-history":[{"count":2,"href":"https:\/\/securityaccent.com\/fr\/wp-json\/wp\/v2\/pages\/4449\/revisions"}],"predecessor-version":[{"id":4451,"href":"https:\/\/securityaccent.com\/fr\/wp-json\/wp\/v2\/pages\/4449\/revisions\/4451"}],"wp:attachment":[{"href":"https:\/\/securityaccent.com\/fr\/wp-json\/wp\/v2\/media?parent=4449"}],"curies":[{"name":"wp","href":"https:\/\/api.w.org\/{rel}","templated":true}]}}